{"id":385,"date":"2025-01-30T17:32:43","date_gmt":"2025-01-30T20:32:43","guid":{"rendered":"https:\/\/juvenalfernandes.com.br\/cursos\/?page_id=385"},"modified":"2025-01-30T17:35:19","modified_gmt":"2025-01-30T20:35:19","slug":"blog","status":"publish","type":"page","link":"https:\/\/juvenalfernandes.com.br\/cursos\/blog\/","title":{"rendered":"Blog"},"content":{"rendered":"\t\t<div data-elementor-type=\"wp-page\" data-elementor-id=\"385\" class=\"elementor elementor-385\" data-elementor-post-type=\"page\">\n\t\t\t\t<div class=\"elementor-element elementor-element-822e2c6 e-flex e-con-boxed e-con e-parent\" data-id=\"822e2c6\" data-element_type=\"container\" data-settings=\"{&quot;background_background&quot;:&quot;classic&quot;}\">\n\t\t\t\t\t<div class=\"e-con-inner\">\n\t\t\t\t<div class=\"elementor-element elementor-element-6557bb0 elementor-widget elementor-widget-heading\" data-id=\"6557bb0\" data-element_type=\"widget\" data-widget_type=\"heading.default\">\n\t\t\t\t<div class=\"elementor-widget-container\">\n\t\t\t\t\t<h2 class=\"elementor-heading-title elementor-size-default\">Nosso Blog<\/h2>\t\t\t\t<\/div>\n\t\t\t\t<\/div>\n\t\t\t\t\t<\/div>\n\t\t\t\t<\/div>\n\t\t<div class=\"elementor-element elementor-element-119d7fa e-flex e-con-boxed e-con e-parent\" data-id=\"119d7fa\" data-element_type=\"container\">\n\t\t\t\t\t<div class=\"e-con-inner\">\n\t\t\t\t<div class=\"elementor-element elementor-element-f1e12cf elementor-grid-widescreen-3 elementor-grid-3 elementor-grid-tablet-2 elementor-grid-mobile-1 elementor-posts--thumbnail-top elementor-card-shadow-yes elementor-posts__hover-gradient elementor-widget elementor-widget-posts\" data-id=\"f1e12cf\" data-element_type=\"widget\" data-settings=\"{&quot;cards_columns_widescreen&quot;:&quot;3&quot;,&quot;cards_columns&quot;:&quot;3&quot;,&quot;cards_columns_tablet&quot;:&quot;2&quot;,&quot;cards_columns_mobile&quot;:&quot;1&quot;,&quot;cards_row_gap&quot;:{&quot;unit&quot;:&quot;px&quot;,&quot;size&quot;:35,&quot;sizes&quot;:[]},&quot;cards_row_gap_widescreen&quot;:{&quot;unit&quot;:&quot;px&quot;,&quot;size&quot;:&quot;&quot;,&quot;sizes&quot;:[]},&quot;cards_row_gap_laptop&quot;:{&quot;unit&quot;:&quot;px&quot;,&quot;size&quot;:&quot;&quot;,&quot;sizes&quot;:[]},&quot;cards_row_gap_tablet&quot;:{&quot;unit&quot;:&quot;px&quot;,&quot;size&quot;:&quot;&quot;,&quot;sizes&quot;:[]},&quot;cards_row_gap_mobile&quot;:{&quot;unit&quot;:&quot;px&quot;,&quot;size&quot;:&quot;&quot;,&quot;sizes&quot;:[]}}\" data-widget_type=\"posts.cards\">\n\t\t\t\t<div class=\"elementor-widget-container\">\n\t\t\t\t\t\t\t<div class=\"elementor-posts-container elementor-posts elementor-posts--skin-cards elementor-grid\" role=\"list\">\n\t\t\t\t<article class=\"elementor-post elementor-grid-item post-382 post type-post status-publish format-standard has-post-thumbnail hentry category-blog\" role=\"listitem\">\n\t\t\t<div class=\"elementor-post__card\">\n\t\t\t\t<a class=\"elementor-post__thumbnail__link\" href=\"https:\/\/juvenalfernandes.com.br\/cursos\/o-crescimento-das-pos-graduacoes-e-mbas-a-distancia-no-brasil\/\" tabindex=\"-1\" ><div class=\"elementor-post__thumbnail\"><img fetchpriority=\"high\" decoding=\"async\" width=\"1024\" height=\"683\" src=\"https:\/\/juvenalfernandes.com.br\/cursos\/wp-content\/uploads\/2025\/01\/pexels-eren-li-7241616-scaled-1024x683-1.webp\" class=\"attachment-full size-full wp-image-384\" alt=\"\" srcset=\"https:\/\/juvenalfernandes.com.br\/cursos\/wp-content\/uploads\/2025\/01\/pexels-eren-li-7241616-scaled-1024x683-1.webp 1024w, https:\/\/juvenalfernandes.com.br\/cursos\/wp-content\/uploads\/2025\/01\/pexels-eren-li-7241616-scaled-1024x683-1-300x200.webp 300w, https:\/\/juvenalfernandes.com.br\/cursos\/wp-content\/uploads\/2025\/01\/pexels-eren-li-7241616-scaled-1024x683-1-768x512.webp 768w, https:\/\/juvenalfernandes.com.br\/cursos\/wp-content\/uploads\/2025\/01\/pexels-eren-li-7241616-scaled-1024x683-1-18x12.webp 18w, https:\/\/juvenalfernandes.com.br\/cursos\/wp-content\/uploads\/2025\/01\/pexels-eren-li-7241616-scaled-1024x683-1-600x400.webp 600w\" sizes=\"(max-width: 1024px) 100vw, 1024px\" \/><\/div><\/a>\n\t\t\t\t<div class=\"elementor-post__badge\">Blog<\/div>\n\t\t\t\t<div class=\"elementor-post__text\">\n\t\t\t\t<h3 class=\"elementor-post__title\">\n\t\t\t<a href=\"https:\/\/juvenalfernandes.com.br\/cursos\/o-crescimento-das-pos-graduacoes-e-mbas-a-distancia-no-brasil\/\" >\n\t\t\t\tO Crescimento das P\u00f3s-Gradua\u00e7\u00f5es e MBAs a Dist\u00e2ncia no Brasil\t\t\t<\/a>\n\t\t<\/h3>\n\t\t\t\t<\/div>\n\t\t\t\t\t<\/div>\n\t\t<\/article>\n\t\t\t\t<article class=\"elementor-post elementor-grid-item post-379 post type-post status-publish format-standard has-post-thumbnail hentry category-blog\" role=\"listitem\">\n\t\t\t<div class=\"elementor-post__card\">\n\t\t\t\t<a class=\"elementor-post__thumbnail__link\" href=\"https:\/\/juvenalfernandes.com.br\/cursos\/historia-e-evolucao-do-ensino-a-distancia-no-brasil\/\" tabindex=\"-1\" ><div class=\"elementor-post__thumbnail\"><img decoding=\"async\" width=\"1280\" height=\"853\" src=\"https:\/\/juvenalfernandes.com.br\/cursos\/wp-content\/uploads\/2025\/01\/como-surgiu-o-ead.webp\" class=\"attachment-full size-full wp-image-381\" alt=\"\" srcset=\"https:\/\/juvenalfernandes.com.br\/cursos\/wp-content\/uploads\/2025\/01\/como-surgiu-o-ead.webp 1280w, https:\/\/juvenalfernandes.com.br\/cursos\/wp-content\/uploads\/2025\/01\/como-surgiu-o-ead-300x200.webp 300w, https:\/\/juvenalfernandes.com.br\/cursos\/wp-content\/uploads\/2025\/01\/como-surgiu-o-ead-1024x682.webp 1024w, https:\/\/juvenalfernandes.com.br\/cursos\/wp-content\/uploads\/2025\/01\/como-surgiu-o-ead-768x512.webp 768w, https:\/\/juvenalfernandes.com.br\/cursos\/wp-content\/uploads\/2025\/01\/como-surgiu-o-ead-18x12.webp 18w, https:\/\/juvenalfernandes.com.br\/cursos\/wp-content\/uploads\/2025\/01\/como-surgiu-o-ead-600x400.webp 600w\" sizes=\"(max-width: 1280px) 100vw, 1280px\" \/><\/div><\/a>\n\t\t\t\t<div class=\"elementor-post__badge\">Blog<\/div>\n\t\t\t\t<div class=\"elementor-post__text\">\n\t\t\t\t<h3 class=\"elementor-post__title\">\n\t\t\t<a href=\"https:\/\/juvenalfernandes.com.br\/cursos\/historia-e-evolucao-do-ensino-a-distancia-no-brasil\/\" >\n\t\t\t\tHist\u00f3ria e evolu\u00e7\u00e3o do Ensino a Dist\u00e2ncia no Brasil\t\t\t<\/a>\n\t\t<\/h3>\n\t\t\t\t<\/div>\n\t\t\t\t\t<\/div>\n\t\t<\/article>\n\t\t\t\t<article class=\"elementor-post elementor-grid-item post-363 post type-post status-publish format-standard has-post-thumbnail hentry category-blog\" role=\"listitem\">\n\t\t\t<div class=\"elementor-post__card\">\n\t\t\t\t<a class=\"elementor-post__thumbnail__link\" href=\"https:\/\/juvenalfernandes.com.br\/cursos\/a-revolucao-da-educacao-a-distancia\/\" tabindex=\"-1\" ><div class=\"elementor-post__thumbnail\"><img decoding=\"async\" width=\"720\" height=\"400\" src=\"https:\/\/juvenalfernandes.com.br\/cursos\/wp-content\/uploads\/2024\/04\/imagens-curso_0002_44145.jpg\" class=\"attachment-full size-full wp-image-36\" alt=\"\" srcset=\"https:\/\/juvenalfernandes.com.br\/cursos\/wp-content\/uploads\/2024\/04\/imagens-curso_0002_44145.jpg 720w, https:\/\/juvenalfernandes.com.br\/cursos\/wp-content\/uploads\/2024\/04\/imagens-curso_0002_44145-600x333.jpg 600w, https:\/\/juvenalfernandes.com.br\/cursos\/wp-content\/uploads\/2024\/04\/imagens-curso_0002_44145-300x167.jpg 300w, https:\/\/juvenalfernandes.com.br\/cursos\/wp-content\/uploads\/2024\/04\/imagens-curso_0002_44145-160x90.jpg 160w\" sizes=\"(max-width: 720px) 100vw, 720px\" \/><\/div><\/a>\n\t\t\t\t<div class=\"elementor-post__badge\">Blog<\/div>\n\t\t\t\t<div class=\"elementor-post__text\">\n\t\t\t\t<h3 class=\"elementor-post__title\">\n\t\t\t<a href=\"https:\/\/juvenalfernandes.com.br\/cursos\/a-revolucao-da-educacao-a-distancia\/\" >\n\t\t\t\tA Revolu\u00e7\u00e3o da Educa\u00e7\u00e3o a Dist\u00e2ncia\t\t\t<\/a>\n\t\t<\/h3>\n\t\t\t\t<\/div>\n\t\t\t\t\t<\/div>\n\t\t<\/article>\n\t\t\t\t<\/div>\n\t\t\n\t\t\t\t\t\t<\/div>\n\t\t\t\t<\/div>\n\t\t\t\t\t<\/div>\n\t\t\t\t<\/div>\n\t\t\t\t<\/div>\n\t\t","protected":false},"excerpt":{"rendered":"<p>Nosso Blog<\/p>\n","protected":false},"author":3,"featured_media":0,"parent":0,"menu_order":0,"comment_status":"closed","ping_status":"closed","template":"elementor_header_footer","meta":{"_tutorstarter_page_metadata":[],"_joinchat":[],"footnotes":""},"class_list":["post-385","page","type-page","status-publish","hentry"],"_links":{"self":[{"href":"https:\/\/juvenalfernandes.com.br\/cursos\/wp-json\/wp\/v2\/pages\/385","targetHints":{"allow":["GET"]}}],"collection":[{"href":"https:\/\/juvenalfernandes.com.br\/cursos\/wp-json\/wp\/v2\/pages"}],"about":[{"href":"https:\/\/juvenalfernandes.com.br\/cursos\/wp-json\/wp\/v2\/types\/page"}],"author":[{"embeddable":true,"href":"https:\/\/juvenalfernandes.com.br\/cursos\/wp-json\/wp\/v2\/users\/3"}],"replies":[{"embeddable":true,"href":"https:\/\/juvenalfernandes.com.br\/cursos\/wp-json\/wp\/v2\/comments?post=385"}],"version-history":[{"count":16,"href":"https:\/\/juvenalfernandes.com.br\/cursos\/wp-json\/wp\/v2\/pages\/385\/revisions"}],"predecessor-version":[{"id":401,"href":"https:\/\/juvenalfernandes.com.br\/cursos\/wp-json\/wp\/v2\/pages\/385\/revisions\/401"}],"wp:attachment":[{"href":"https:\/\/juvenalfernandes.com.br\/cursos\/wp-json\/wp\/v2\/media?parent=385"}],"curies":[{"name":"wp","href":"https:\/\/api.w.org\/{rel}","templated":true}]}}