{"id":314,"date":"2025-01-30T00:48:20","date_gmt":"2025-01-30T03:48:20","guid":{"rendered":"https:\/\/juvenalfernandes.com.br\/cursos\/?post_type=product&#038;p=314"},"modified":"2026-03-25T21:19:09","modified_gmt":"2026-03-26T00:19:09","slug":"python-do-basico-ao-avancado-desenvolvimento-de-aplicacoes","status":"publish","type":"product","link":"https:\/\/juvenalfernandes.com.br\/cursos\/produto\/python-do-basico-ao-avancado-desenvolvimento-de-aplicacoes\/","title":{"rendered":"Python do B\u00e1sico ao Avan\u00e7ado \u2013 Desenvolvimento de Aplica\u00e7\u00f5es"},"content":{"rendered":"<p>Este curso abrangente de Python ir\u00e1 gui\u00e1-lo desde os fundamentos da linguagem at\u00e9 t\u00e9cnicas avan\u00e7adas de programa\u00e7\u00e3o, capacitando-o a desenvolver aplica\u00e7\u00f5es pr\u00e1ticas e eficientes. Aprenda a escrever c\u00f3digo Python de qualidade, explore bibliotecas populares e domine as principais habilidades necess\u00e1rias para criar solu\u00e7\u00f5es inovadoras.<\/p>\n","protected":false},"excerpt":{"rendered":"<p>Este curso abrangente de Python ir\u00e1 gui\u00e1-lo desde os fundamentos da linguagem at\u00e9 t\u00e9cnicas avan\u00e7adas de programa\u00e7\u00e3o, capacitando-o<\/p>\n","protected":false},"featured_media":315,"comment_status":"open","ping_status":"closed","template":"","meta":{"_joinchat":{"telephone":"+5518998058115"}},"product_brand":[],"product_cat":[15],"product_tag":[],"class_list":{"0":"post-314","1":"product","2":"type-product","3":"status-publish","4":"has-post-thumbnail","6":"product_cat-sem-categoria","8":"first","9":"instock","10":"shipping-taxable","11":"product-type-simple"},"_links":{"self":[{"href":"https:\/\/juvenalfernandes.com.br\/cursos\/wp-json\/wp\/v2\/product\/314","targetHints":{"allow":["GET"]}}],"collection":[{"href":"https:\/\/juvenalfernandes.com.br\/cursos\/wp-json\/wp\/v2\/product"}],"about":[{"href":"https:\/\/juvenalfernandes.com.br\/cursos\/wp-json\/wp\/v2\/types\/product"}],"replies":[{"embeddable":true,"href":"https:\/\/juvenalfernandes.com.br\/cursos\/wp-json\/wp\/v2\/comments?post=314"}],"wp:featuredmedia":[{"embeddable":true,"href":"https:\/\/juvenalfernandes.com.br\/cursos\/wp-json\/wp\/v2\/media\/315"}],"wp:attachment":[{"href":"https:\/\/juvenalfernandes.com.br\/cursos\/wp-json\/wp\/v2\/media?parent=314"}],"wp:term":[{"taxonomy":"product_brand","embeddable":true,"href":"https:\/\/juvenalfernandes.com.br\/cursos\/wp-json\/wp\/v2\/product_brand?post=314"},{"taxonomy":"product_cat","embeddable":true,"href":"https:\/\/juvenalfernandes.com.br\/cursos\/wp-json\/wp\/v2\/product_cat?post=314"},{"taxonomy":"product_tag","embeddable":true,"href":"https:\/\/juvenalfernandes.com.br\/cursos\/wp-json\/wp\/v2\/product_tag?post=314"}],"curies":[{"name":"wp","href":"https:\/\/api.w.org\/{rel}","templated":true}]}}